{"id":1214,"date":"2020-07-17T15:51:15","date_gmt":"2020-07-17T13:51:15","guid":{"rendered":"https:\/\/www.roy-jaeggi.net\/voyage\/"},"modified":"2020-11-13T12:25:28","modified_gmt":"2020-11-13T10:25:28","slug":"die-reise","status":"publish","type":"page","link":"https:\/\/www.roy-jaeggi.net\/de\/werke\/die-reise\/","title":{"rendered":"Die Reise"},"content":{"rendered":"\t\t<div data-elementor-type=\"wp-page\" data-elementor-id=\"1214\" class=\"elementor elementor-1214 elementor-526\" data-elementor-post-type=\"page\">\n\t\t\t\t\t\t<section class=\"elementor-section elementor-top-section elementor-element elementor-element-baed390 elementor-section-boxed elementor-section-height-default elementor-section-height-default\" data-id=\"baed390\" data-element_type=\"section\" data-e-type=\"section\" data-settings=\"{&quot;jet_parallax_layout_list&quot;:[{&quot;jet_parallax_layout_image&quot;:{&quot;url&quot;:&quot;&quot;,&quot;id&quot;:&quot;&quot;,&quot;size&quot;:&quot;&quot;},&quot;_id&quot;:&quot;944fff4&quot;,&quot;jet_parallax_layout_image_tablet&quot;:{&quot;url&quot;:&quot;&quot;,&quot;id&quot;:&quot;&quot;,&quot;size&quot;:&quot;&quot;},&quot;jet_parallax_layout_image_mobile&quot;:{&quot;url&quot;:&quot;&quot;,&quot;id&quot;:&quot;&quot;,&quot;size&quot;:&quot;&quot;},&quot;jet_parallax_layout_speed&quot;:{&quot;unit&quot;:&quot;%&quot;,&quot;size&quot;:50,&quot;sizes&quot;:[]},&quot;jet_parallax_layout_type&quot;:&quot;scroll&quot;,&quot;jet_parallax_layout_direction&quot;:&quot;1&quot;,&quot;jet_parallax_layout_fx_direction&quot;:null,&quot;jet_parallax_layout_z_index&quot;:&quot;&quot;,&quot;jet_parallax_layout_bg_x&quot;:50,&quot;jet_parallax_layout_bg_x_tablet&quot;:&quot;&quot;,&quot;jet_parallax_layout_bg_x_mobile&quot;:&quot;&quot;,&quot;jet_parallax_layout_bg_y&quot;:50,&quot;jet_parallax_layout_bg_y_tablet&quot;:&quot;&quot;,&quot;jet_parallax_layout_bg_y_mobile&quot;:&quot;&quot;,&quot;jet_parallax_layout_bg_size&quot;:&quot;auto&quot;,&quot;jet_parallax_layout_bg_size_tablet&quot;:&quot;&quot;,&quot;jet_parallax_layout_bg_size_mobile&quot;:&quot;&quot;,&quot;jet_parallax_layout_animation_prop&quot;:&quot;transform&quot;,&quot;jet_parallax_layout_on&quot;:[&quot;desktop&quot;,&quot;tablet&quot;]}],&quot;background_background&quot;:&quot;gradient&quot;}\">\n\t\t\t\t\t\t<div class=\"elementor-container elementor-column-gap-default\">\n\t\t\t\t\t<div class=\"elementor-column elementor-col-100 elementor-top-column elementor-element elementor-element-a7c49c2\" data-id=\"a7c49c2\" data-element_type=\"column\" data-e-type=\"column\" data-settings=\"{&quot;background_background&quot;:&quot;classic&quot;}\">\n\t\t\t<div class=\"elementor-widget-wrap elementor-element-populated\">\n\t\t\t\t\t\t<div class=\"elementor-element elementor-element-eed3edd elementor-widget elementor-widget-heading\" data-id=\"eed3edd\" data-element_type=\"widget\" data-e-type=\"widget\" data-widget_type=\"heading.default\">\n\t\t\t\t<div class=\"elementor-widget-container\">\n\t\t\t\t\t<p class=\"elementor-heading-title elementor-size-default\">Roy Jaeggis Malerei l\u00e4dt uns zu einer symbolischen Reise ein, die weit \u00fcber rein geografische Entdeckungen hinausgeht.<\/p>\t\t\t\t<\/div>\n\t\t\t\t<\/div>\n\t\t\t\t<div class=\"elementor-element elementor-element-b7cc381 elementor-widget elementor-widget-text-editor\" data-id=\"b7cc381\" data-element_type=\"widget\" data-e-type=\"widget\" data-widget_type=\"text-editor.default\">\n\t\t\t\t<div class=\"elementor-widget-container\">\n\t\t\t\t\t\t\t\t\t<p>Eine Reise in Zeit und Raum auf der Suche nach Harmonie, Liebe und Sch\u00f6nheit.<\/p>\n<p>Diese essentielle Suche nach dem Licht und einem spirituellen Zentrum, diese Hoffnung auf eine ausgeglichenere Dimension rei\u00dfen uns durch ihre aufw\u00e4rts treibende Kraft mit sich.<\/p>\n<p>Man muss weit \u00fcber das Gew\u00f6hnliche hinausgehen, man muss durch einen Spiegel treten und sich das Recht nehmen, das nicht Wahrnehmbare doch wahrzunehmen, man muss sich Zeit nehmen, um die Stille zu h\u00f6ren \u2013 all das macht das Werk von Roy Jaeggi aus. Genau geplant und sorgf\u00e4ltig ausgef\u00fchrt entsteht hier ein Universum mit einer F\u00fclle von Symbolen, die uns mitnehmen auf eine fantastische Initiationsreise ohne Anfang und Ende.<\/p>\n<p>All das ist eine Welt von Pr\u00fcfungen, die man bestehen, von Erfahrungen, die man machen muss. Und man muss durch verworrene W\u00e4lder streifen, verbotene Gebiete durchqueren, muss mysteri\u00f6se Br\u00fccken nehmen, gef\u00e4hrlichen Meeren trotzen, man muss sich tragen lassen von den befreienden Regenb\u00f6gen und so die friedlichsten Ufer erreichen.<\/p>\n<p>Aber ist diese Initiationsreise, auf die uns Roy Jaeggi so unwiderstehlich mitnimmt, nicht in Wirklichkeit etwas, das sich nur mit dem Inneren des Seins selbst f\u00fcllen kann?<\/p>\n<p>Mit dieser Reise, wie sie uns vorgeschlagen wird, er\u00f6ffnet der K\u00fcnstler verschiedene Wege, um sein Werk in seiner Gesamtheit zu verstehen. Zugleich schafft er Koh\u00e4renz und eine Einheit von Zeit und Raum f\u00fcr seine eigene Ausdrucksform.\u201c<\/p>\n\t\t\t\t\t\t\t\t<\/div>\n\t\t\t\t<\/div>\n\t\t\t\t<div class=\"elementor-element elementor-element-2bb7886 animated-slow elementor-invisible elementor-widget elementor-widget-jet-portfolio\" data-id=\"2bb7886\" data-element_type=\"widget\" data-e-type=\"widget\" data-settings=\"{&quot;_animation&quot;:&quot;zoomInDown&quot;,&quot;columns&quot;:&quot;3&quot;,&quot;columns_mobile&quot;:&quot;1&quot;}\" data-widget_type=\"jet-portfolio.default\">\n\t\t\t\t<div class=\"elementor-widget-container\">\n\t\t\t\t\t<div class=\"elementor-jet-portfolio jet-elements\">\n<div class=\"jet-portfolio layout-type-masonry preset-type-2 layout-desktop-column-3  layout-mobile-column-1\" data-settings=\"{&quot;layoutType&quot;:&quot;masonry&quot;,&quot;perPage&quot;:3}\"><div class=\"jet-portfolio__list\"><article class=\"jet-portfolio__item visible-status\" data-slug=\"{&quot;0&quot;:&quot;all&quot;}\">\n\t<div class=\"jet-portfolio__inner\">\n\t\t<a class=\"jet-portfolio__link \" href=\"https:\/\/www.roy-jaeggi.net\/wp-content\/uploads\/2020\/07\/deir-el-bahari.jpg\" data-elementor-open-lightbox=\"yes\">\n\t\t\t<div class=\"jet-portfolio__image\">\n\t\t\t\t<img decoding=\"async\" class=\"jet-portfolio__image-instance lazyload\" data-src=\"https:\/\/www.roy-jaeggi.net\/wp-content\/uploads\/2020\/07\/deir-el-bahari-758x1024.jpg\" width=\"758\" height=\"1024\"  alt=\"Deir eL-Bahari\" src=\"data:image\/svg+xml;base64,PHN2ZyB3aWR0aD0iMSIgaGVpZ2h0PSIxIiB4bWxucz0iaHR0cDovL3d3dy53My5vcmcvMjAwMC9zdmciPjwvc3ZnPg==\" style=\"--smush-placeholder-width: 758px; --smush-placeholder-aspect-ratio: 758\/1024;\" data-srcset=\"https:\/\/www.roy-jaeggi.net\/wp-content\/uploads\/2020\/07\/deir-el-bahari-758x1024.jpg 758w, https:\/\/www.roy-jaeggi.net\/wp-content\/uploads\/2020\/07\/deir-el-bahari-222x300.jpg 222w, https:\/\/www.roy-jaeggi.net\/wp-content\/uploads\/2020\/07\/deir-el-bahari-768x1038.jpg 768w, https:\/\/www.roy-jaeggi.net\/wp-content\/uploads\/2020\/07\/deir-el-bahari-1137x1536.jpg 1137w, https:\/\/www.roy-jaeggi.net\/wp-content\/uploads\/2020\/07\/deir-el-bahari-1516x2048.jpg 1516w, https:\/\/www.roy-jaeggi.net\/wp-content\/uploads\/2020\/07\/deir-el-bahari.jpg 1800w\" data-sizes=\"auto\" data-original-sizes=\"(max-width: 758px) 100vw, 758px\">\t\t\t\t<div class=\"jet-portfolio__image-loader\"><span><\/span><\/div>\n\n\t\t\t\t\t\t\t\t\t<div class=\"jet-portfolio__cover\"><span class=\"jet-elements-icon\"><i aria-hidden=\"true\" class=\"fas fa-search\"><\/i><\/span><\/div>\n\t\t\t\t\t\t\t<\/div>\n\t\t<\/a>\n\t\t<div class=\"jet-portfolio__content\">\n\t\t\t<div class=\"jet-portfolio__content-inner\"><h4 class=\"jet-portfolio__title\">Deir eL-Bahari<\/h4><\/div> \n\t\t<\/div>\n\t<\/div>\n<\/article><article class=\"jet-portfolio__item visible-status\" data-slug=\"{&quot;0&quot;:&quot;all&quot;}\">\n\t<div class=\"jet-portfolio__inner\">\n\t\t<a class=\"jet-portfolio__link \" href=\"https:\/\/www.roy-jaeggi.net\/wp-content\/uploads\/2020\/07\/egypte-vie-mort.jpg\" data-elementor-open-lightbox=\"yes\">\n\t\t\t<div class=\"jet-portfolio__image\">\n\t\t\t\t<img decoding=\"async\" class=\"jet-portfolio__image-instance lazyload\" data-src=\"https:\/\/www.roy-jaeggi.net\/wp-content\/uploads\/2020\/07\/egypte-vie-mort-749x1024.jpg\" width=\"749\" height=\"1024\"  alt=\"Egypte. Vie et Mort\" src=\"data:image\/svg+xml;base64,PHN2ZyB3aWR0aD0iMSIgaGVpZ2h0PSIxIiB4bWxucz0iaHR0cDovL3d3dy53My5vcmcvMjAwMC9zdmciPjwvc3ZnPg==\" style=\"--smush-placeholder-width: 749px; --smush-placeholder-aspect-ratio: 749\/1024;\" data-srcset=\"https:\/\/www.roy-jaeggi.net\/wp-content\/uploads\/2020\/07\/egypte-vie-mort-749x1024.jpg 749w, https:\/\/www.roy-jaeggi.net\/wp-content\/uploads\/2020\/07\/egypte-vie-mort-220x300.jpg 220w, https:\/\/www.roy-jaeggi.net\/wp-content\/uploads\/2020\/07\/egypte-vie-mort-768x1050.jpg 768w, https:\/\/www.roy-jaeggi.net\/wp-content\/uploads\/2020\/07\/egypte-vie-mort-1124x1536.jpg 1124w, https:\/\/www.roy-jaeggi.net\/wp-content\/uploads\/2020\/07\/egypte-vie-mort-1499x2048.jpg 1499w, https:\/\/www.roy-jaeggi.net\/wp-content\/uploads\/2020\/07\/egypte-vie-mort.jpg 1800w\" data-sizes=\"auto\" data-original-sizes=\"(max-width: 749px) 100vw, 749px\">\t\t\t\t<div class=\"jet-portfolio__image-loader\"><span><\/span><\/div>\n\n\t\t\t\t\t\t\t\t\t<div class=\"jet-portfolio__cover\"><span class=\"jet-elements-icon\"><i aria-hidden=\"true\" class=\"fas fa-search\"><\/i><\/span><\/div>\n\t\t\t\t\t\t\t<\/div>\n\t\t<\/a>\n\t\t<div class=\"jet-portfolio__content\">\n\t\t\t<div class=\"jet-portfolio__content-inner\"><h4 class=\"jet-portfolio__title\">\u00c4gypten Leben und Tod<\/h4><\/div> \n\t\t<\/div>\n\t<\/div>\n<\/article><article class=\"jet-portfolio__item visible-status\" data-slug=\"{&quot;0&quot;:&quot;all&quot;}\">\n\t<div class=\"jet-portfolio__inner\">\n\t\t<a class=\"jet-portfolio__link \" href=\"https:\/\/www.roy-jaeggi.net\/wp-content\/uploads\/2020\/07\/la-moldeau-scaled.jpg\" data-elementor-open-lightbox=\"yes\">\n\t\t\t<div class=\"jet-portfolio__image\">\n\t\t\t\t<img decoding=\"async\" class=\"jet-portfolio__image-instance lazyload\" data-src=\"https:\/\/www.roy-jaeggi.net\/wp-content\/uploads\/2020\/07\/la-moldeau-608x1024.jpg\" width=\"608\" height=\"1024\"  alt=\"La Moldau\" src=\"data:image\/svg+xml;base64,PHN2ZyB3aWR0aD0iMSIgaGVpZ2h0PSIxIiB4bWxucz0iaHR0cDovL3d3dy53My5vcmcvMjAwMC9zdmciPjwvc3ZnPg==\" style=\"--smush-placeholder-width: 608px; --smush-placeholder-aspect-ratio: 608\/1024;\" data-srcset=\"https:\/\/www.roy-jaeggi.net\/wp-content\/uploads\/2020\/07\/la-moldeau-608x1024.jpg 608w, https:\/\/www.roy-jaeggi.net\/wp-content\/uploads\/2020\/07\/la-moldeau-178x300.jpg 178w, https:\/\/www.roy-jaeggi.net\/wp-content\/uploads\/2020\/07\/la-moldeau-768x1293.jpg 768w, https:\/\/www.roy-jaeggi.net\/wp-content\/uploads\/2020\/07\/la-moldeau-912x1536.jpg 912w, https:\/\/www.roy-jaeggi.net\/wp-content\/uploads\/2020\/07\/la-moldeau-1216x2048.jpg 1216w, https:\/\/www.roy-jaeggi.net\/wp-content\/uploads\/2020\/07\/la-moldeau-scaled.jpg 1520w\" data-sizes=\"auto\" data-original-sizes=\"(max-width: 608px) 100vw, 608px\">\t\t\t\t<div class=\"jet-portfolio__image-loader\"><span><\/span><\/div>\n\n\t\t\t\t\t\t\t\t\t<div class=\"jet-portfolio__cover\"><span class=\"jet-elements-icon\"><i aria-hidden=\"true\" class=\"fas fa-search\"><\/i><\/span><\/div>\n\t\t\t\t\t\t\t<\/div>\n\t\t<\/a>\n\t\t<div class=\"jet-portfolio__content\">\n\t\t\t<div class=\"jet-portfolio__content-inner\"><h4 class=\"jet-portfolio__title\">Die Moldau<\/h4><\/div> \n\t\t<\/div>\n\t<\/div>\n<\/article><\/div><\/div>\n<\/div>\t\t\t\t<\/div>\n\t\t\t\t<\/div>\n\t\t\t\t<div class=\"elementor-element elementor-element-3b5b856 elementor-align-center animated-slow elementor-invisible elementor-widget elementor-widget-button\" data-id=\"3b5b856\" data-element_type=\"widget\" data-e-type=\"widget\" data-settings=\"{&quot;_animation&quot;:&quot;fadeIn&quot;,&quot;_animation_delay&quot;:400}\" data-widget_type=\"button.default\">\n\t\t\t\t<div class=\"elementor-widget-container\">\n\t\t\t\t\t\t\t\t\t<div class=\"elementor-button-wrapper\">\n\t\t\t\t\t<a class=\"elementor-button elementor-button-link elementor-size-sm elementor-animation-grow\" href=\"https:\/\/www.roy-jaeggi.net\/de\/werke\/\">\n\t\t\t\t\t\t<span class=\"elementor-button-content-wrapper\">\n\t\t\t\t\t\t\t\t\t<span class=\"elementor-button-text\">Siehe Themen<\/span>\n\t\t\t\t\t<\/span>\n\t\t\t\t\t<\/a>\n\t\t\t\t<\/div>\n\t\t\t\t\t\t\t\t<\/div>\n\t\t\t\t<\/div>\n\t\t\t\t\t<\/div>\n\t\t<\/div>\n\t\t\t\t\t<\/div>\n\t\t<\/section>\n\t\t\t\t<\/div>\n\t\t","protected":false},"excerpt":{"rendered":"<p>Roy Jaeggis Malerei l\u00e4dt uns zu einer symbolischen Reise ein, die weit \u00fcber rein geografische Entdeckungen hinausgeht. Eine Reise in Zeit und Raum auf der Suche nach Harmonie, Liebe und Sch\u00f6nheit. Diese essentielle Suche nach dem Licht und einem spirituellen Zentrum, diese Hoffnung auf eine ausgeglichenere Dimension rei\u00dfen uns durch ihre aufw\u00e4rts treibende Kraft mit [&hellip;]<\/p>\n","protected":false},"author":6,"featured_media":0,"parent":1231,"menu_order":0,"comment_status":"closed","ping_status":"closed","template":"","meta":{"footnotes":""},"class_list":["post-1214","page","type-page","status-publish","hentry"],"yoast_head":"<!-- This site is optimized with the Yoast SEO plugin v27.5 - https:\/\/yoast.com\/product\/yoast-seo-wordpress\/ -->\n<title>Die Reise - Roy Jaeggi<\/title>\n<meta name=\"description\" content=\"Roy Jaeggis Malerei l\u00e4dt uns zu einer symbolischen Reise ein, die weit \u00fcber rein geografische Entdeckungen hinausgeht.\" \/>\n<meta name=\"robots\" content=\"index, follow, max-snippet:-1, max-image-preview:large, max-video-preview:-1\" \/>\n<link rel=\"canonical\" href=\"https:\/\/www.roy-jaeggi.net\/de\/werke\/die-reise\/\" \/>\n<meta property=\"og:locale\" content=\"de_DE\" \/>\n<meta property=\"og:type\" content=\"article\" \/>\n<meta property=\"og:title\" content=\"Die Reise - Roy Jaeggi\" \/>\n<meta property=\"og:description\" content=\"Roy Jaeggis Malerei l\u00e4dt uns zu einer symbolischen Reise ein, die weit \u00fcber rein geografische Entdeckungen hinausgeht.\" \/>\n<meta property=\"og:url\" content=\"https:\/\/www.roy-jaeggi.net\/de\/werke\/die-reise\/\" \/>\n<meta property=\"og:site_name\" content=\"Roy Jaeggi\" \/>\n<meta property=\"article:modified_time\" content=\"2020-11-13T10:25:28+00:00\" \/>\n<meta property=\"og:image\" content=\"https:\/\/www.roy-jaeggi.net\/wp-content\/uploads\/2020\/07\/deir-el-bahari-758x1024.jpg\" \/>\n<meta name=\"twitter:card\" content=\"summary_large_image\" \/>\n<meta name=\"twitter:label1\" content=\"Gesch\u00e4tzte Lesezeit\" \/>\n\t<meta name=\"twitter:data1\" content=\"1\u00a0Minute\" \/>\n<script type=\"application\/ld+json\" class=\"yoast-schema-graph\">{\"@context\":\"https:\\\/\\\/schema.org\",\"@graph\":[{\"@type\":\"WebPage\",\"@id\":\"https:\\\/\\\/www.roy-jaeggi.net\\\/de\\\/werke\\\/die-reise\\\/\",\"url\":\"https:\\\/\\\/www.roy-jaeggi.net\\\/de\\\/werke\\\/die-reise\\\/\",\"name\":\"Die Reise - Roy Jaeggi\",\"isPartOf\":{\"@id\":\"https:\\\/\\\/www.roy-jaeggi.net\\\/de\\\/#website\"},\"primaryImageOfPage\":{\"@id\":\"https:\\\/\\\/www.roy-jaeggi.net\\\/de\\\/werke\\\/die-reise\\\/#primaryimage\"},\"image\":{\"@id\":\"https:\\\/\\\/www.roy-jaeggi.net\\\/de\\\/werke\\\/die-reise\\\/#primaryimage\"},\"thumbnailUrl\":\"https:\\\/\\\/www.roy-jaeggi.net\\\/wp-content\\\/uploads\\\/2020\\\/07\\\/deir-el-bahari-758x1024.jpg\",\"datePublished\":\"2020-07-17T13:51:15+00:00\",\"dateModified\":\"2020-11-13T10:25:28+00:00\",\"description\":\"Roy Jaeggis Malerei l\u00e4dt uns zu einer symbolischen Reise ein, die weit \u00fcber rein geografische Entdeckungen hinausgeht.\",\"breadcrumb\":{\"@id\":\"https:\\\/\\\/www.roy-jaeggi.net\\\/de\\\/werke\\\/die-reise\\\/#breadcrumb\"},\"inLanguage\":\"de\",\"potentialAction\":[{\"@type\":\"ReadAction\",\"target\":[\"https:\\\/\\\/www.roy-jaeggi.net\\\/de\\\/werke\\\/die-reise\\\/\"]}]},{\"@type\":\"ImageObject\",\"inLanguage\":\"de\",\"@id\":\"https:\\\/\\\/www.roy-jaeggi.net\\\/de\\\/werke\\\/die-reise\\\/#primaryimage\",\"url\":\"https:\\\/\\\/www.roy-jaeggi.net\\\/wp-content\\\/uploads\\\/2020\\\/07\\\/deir-el-bahari-758x1024.jpg\",\"contentUrl\":\"https:\\\/\\\/www.roy-jaeggi.net\\\/wp-content\\\/uploads\\\/2020\\\/07\\\/deir-el-bahari-758x1024.jpg\"},{\"@type\":\"BreadcrumbList\",\"@id\":\"https:\\\/\\\/www.roy-jaeggi.net\\\/de\\\/werke\\\/die-reise\\\/#breadcrumb\",\"itemListElement\":[{\"@type\":\"ListItem\",\"position\":1,\"name\":\"Accueil\",\"item\":\"https:\\\/\\\/www.roy-jaeggi.net\\\/de\\\/\"},{\"@type\":\"ListItem\",\"position\":2,\"name\":\"Werke\",\"item\":\"https:\\\/\\\/www.roy-jaeggi.net\\\/de\\\/werke\\\/\"},{\"@type\":\"ListItem\",\"position\":3,\"name\":\"Die Reise\"}]},{\"@type\":\"WebSite\",\"@id\":\"https:\\\/\\\/www.roy-jaeggi.net\\\/de\\\/#website\",\"url\":\"https:\\\/\\\/www.roy-jaeggi.net\\\/de\\\/\",\"name\":\"Roy Jaeggi\",\"description\":\"\",\"potentialAction\":[{\"@type\":\"SearchAction\",\"target\":{\"@type\":\"EntryPoint\",\"urlTemplate\":\"https:\\\/\\\/www.roy-jaeggi.net\\\/de\\\/?s={search_term_string}\"},\"query-input\":{\"@type\":\"PropertyValueSpecification\",\"valueRequired\":true,\"valueName\":\"search_term_string\"}}],\"inLanguage\":\"de\"}]}<\/script>\n<!-- \/ Yoast SEO plugin. -->","yoast_head_json":{"title":"Die Reise - Roy Jaeggi","description":"Roy Jaeggis Malerei l\u00e4dt uns zu einer symbolischen Reise ein, die weit \u00fcber rein geografische Entdeckungen hinausgeht.","robots":{"index":"index","follow":"follow","max-snippet":"max-snippet:-1","max-image-preview":"max-image-preview:large","max-video-preview":"max-video-preview:-1"},"canonical":"https:\/\/www.roy-jaeggi.net\/de\/werke\/die-reise\/","og_locale":"de_DE","og_type":"article","og_title":"Die Reise - Roy Jaeggi","og_description":"Roy Jaeggis Malerei l\u00e4dt uns zu einer symbolischen Reise ein, die weit \u00fcber rein geografische Entdeckungen hinausgeht.","og_url":"https:\/\/www.roy-jaeggi.net\/de\/werke\/die-reise\/","og_site_name":"Roy Jaeggi","article_modified_time":"2020-11-13T10:25:28+00:00","og_image":[{"url":"https:\/\/www.roy-jaeggi.net\/wp-content\/uploads\/2020\/07\/deir-el-bahari-758x1024.jpg","type":"","width":"","height":""}],"twitter_card":"summary_large_image","twitter_misc":{"Gesch\u00e4tzte Lesezeit":"1\u00a0Minute"},"schema":{"@context":"https:\/\/schema.org","@graph":[{"@type":"WebPage","@id":"https:\/\/www.roy-jaeggi.net\/de\/werke\/die-reise\/","url":"https:\/\/www.roy-jaeggi.net\/de\/werke\/die-reise\/","name":"Die Reise - Roy Jaeggi","isPartOf":{"@id":"https:\/\/www.roy-jaeggi.net\/de\/#website"},"primaryImageOfPage":{"@id":"https:\/\/www.roy-jaeggi.net\/de\/werke\/die-reise\/#primaryimage"},"image":{"@id":"https:\/\/www.roy-jaeggi.net\/de\/werke\/die-reise\/#primaryimage"},"thumbnailUrl":"https:\/\/www.roy-jaeggi.net\/wp-content\/uploads\/2020\/07\/deir-el-bahari-758x1024.jpg","datePublished":"2020-07-17T13:51:15+00:00","dateModified":"2020-11-13T10:25:28+00:00","description":"Roy Jaeggis Malerei l\u00e4dt uns zu einer symbolischen Reise ein, die weit \u00fcber rein geografische Entdeckungen hinausgeht.","breadcrumb":{"@id":"https:\/\/www.roy-jaeggi.net\/de\/werke\/die-reise\/#breadcrumb"},"inLanguage":"de","potentialAction":[{"@type":"ReadAction","target":["https:\/\/www.roy-jaeggi.net\/de\/werke\/die-reise\/"]}]},{"@type":"ImageObject","inLanguage":"de","@id":"https:\/\/www.roy-jaeggi.net\/de\/werke\/die-reise\/#primaryimage","url":"https:\/\/www.roy-jaeggi.net\/wp-content\/uploads\/2020\/07\/deir-el-bahari-758x1024.jpg","contentUrl":"https:\/\/www.roy-jaeggi.net\/wp-content\/uploads\/2020\/07\/deir-el-bahari-758x1024.jpg"},{"@type":"BreadcrumbList","@id":"https:\/\/www.roy-jaeggi.net\/de\/werke\/die-reise\/#breadcrumb","itemListElement":[{"@type":"ListItem","position":1,"name":"Accueil","item":"https:\/\/www.roy-jaeggi.net\/de\/"},{"@type":"ListItem","position":2,"name":"Werke","item":"https:\/\/www.roy-jaeggi.net\/de\/werke\/"},{"@type":"ListItem","position":3,"name":"Die Reise"}]},{"@type":"WebSite","@id":"https:\/\/www.roy-jaeggi.net\/de\/#website","url":"https:\/\/www.roy-jaeggi.net\/de\/","name":"Roy Jaeggi","description":"","potentialAction":[{"@type":"SearchAction","target":{"@type":"EntryPoint","urlTemplate":"https:\/\/www.roy-jaeggi.net\/de\/?s={search_term_string}"},"query-input":{"@type":"PropertyValueSpecification","valueRequired":true,"valueName":"search_term_string"}}],"inLanguage":"de"}]}},"_links":{"self":[{"href":"https:\/\/www.roy-jaeggi.net\/de\/wp-json\/wp\/v2\/pages\/1214","targetHints":{"allow":["GET"]}}],"collection":[{"href":"https:\/\/www.roy-jaeggi.net\/de\/wp-json\/wp\/v2\/pages"}],"about":[{"href":"https:\/\/www.roy-jaeggi.net\/de\/wp-json\/wp\/v2\/types\/page"}],"author":[{"embeddable":true,"href":"https:\/\/www.roy-jaeggi.net\/de\/wp-json\/wp\/v2\/users\/6"}],"replies":[{"embeddable":true,"href":"https:\/\/www.roy-jaeggi.net\/de\/wp-json\/wp\/v2\/comments?post=1214"}],"version-history":[{"count":0,"href":"https:\/\/www.roy-jaeggi.net\/de\/wp-json\/wp\/v2\/pages\/1214\/revisions"}],"up":[{"embeddable":true,"href":"https:\/\/www.roy-jaeggi.net\/de\/wp-json\/wp\/v2\/pages\/1231"}],"wp:attachment":[{"href":"https:\/\/www.roy-jaeggi.net\/de\/wp-json\/wp\/v2\/media?parent=1214"}],"curies":[{"name":"wp","href":"https:\/\/api.w.org\/{rel}","templated":true}]}}